{"id":13,"date":"2021-01-16T23:24:25","date_gmt":"2021-01-16T22:24:25","guid":{"rendered":"http:\/\/www.fcpe4marcoussis.fr\/?page_id=13"},"modified":"2023-09-08T17:54:45","modified_gmt":"2023-09-08T15:54:45","slug":"contact","status":"publish","type":"page","link":"https:\/\/www.fcpe4marcoussis.fr\/index.php\/contact\/","title":{"rendered":"Contact"},"content":{"rendered":"\n<p class=\"has-text-align-center\" style=\"font-size:18px\">Comit\u00e9 Local de Marcoussis : <strong><a href=\"https:\/\/www.fcpe4marcoussis.fr\/wp-admin\/contact@fcpe4marcoussis.fr\">contact@fcpe4marcoussis.fr<\/a><\/strong><\/p>\n\n\n\n<p style=\"font-size:18px\">Vos repr\u00e9sentants :<\/p>\n\n\n\n<ul><li>Commission restauration :&nbsp;<\/li><li>\u00c9cole maternelle Jean-Jacques Rousseau:&nbsp;<strong>jjr@fcpe4marcoussis.fr<\/strong><\/li><li>\u00c9cole maternelle de l&#8217;\u00c9tang Neuf :&nbsp;<strong><strong>fcpe.etangneuf.marcoussis@gmail.com<\/strong><\/strong><\/li><li>\u00c9cole \u00e9l\u00e9mentaire des Acacias :&nbsp;<strong>acacias@fcpe4marcoussis.fr<\/strong><\/li><li>\u00c9cole \u00e9l\u00e9mentaire de l&#8217;Orme :&nbsp;<strong><strong>fcpeormemarcoussis@gmail.com<\/strong><\/strong><\/li><li>Coll\u00e8ge Pierre Mendes-France :&nbsp;<strong>college@fcpe4marcoussis.fr<\/strong><\/li><\/ul>\n\n\n\n<p><\/p>\n","protected":false},"excerpt":{"rendered":"<p>Comit\u00e9 Local de Marcoussis : contact@fcpe4marcoussis.fr Vos repr\u00e9sentants : Commission restauration :&nbsp; \u00c9cole maternelle Jean-Jacques Rousseau:&nbsp;jjr@fcpe4marcoussis.fr \u00c9cole maternelle de l&#8217;\u00c9tang Neuf :&nbsp;fcpe.etangneuf.marcoussis@gmail.com \u00c9cole \u00e9l\u00e9mentaire des&#8230;<\/p>\n<div class=\"more-link-wrapper\"><a class=\"more-link\" href=\"https:\/\/www.fcpe4marcoussis.fr\/index.php\/contact\/\">Lire la suite<span class=\"screen-reader-text\">Contact<\/span><\/a><\/div>\n","protected":false},"author":1,"featured_media":0,"parent":0,"menu_order":0,"comment_status":"closed","ping_status":"closed","template":"","meta":[],"_links":{"self":[{"href":"https:\/\/www.fcpe4marcoussis.fr\/index.php\/wp-json\/wp\/v2\/pages\/13"}],"collection":[{"href":"https:\/\/www.fcpe4marcoussis.fr\/index.php\/wp-json\/wp\/v2\/pages"}],"about":[{"href":"https:\/\/www.fcpe4marcoussis.fr\/index.php\/wp-json\/wp\/v2\/types\/page"}],"author":[{"embeddable":true,"href":"https:\/\/www.fcpe4marcoussis.fr\/index.php\/wp-json\/wp\/v2\/users\/1"}],"replies":[{"embeddable":true,"href":"https:\/\/www.fcpe4marcoussis.fr\/index.php\/wp-json\/wp\/v2\/comments?post=13"}],"version-history":[{"count":3,"href":"https:\/\/www.fcpe4marcoussis.fr\/index.php\/wp-json\/wp\/v2\/pages\/13\/revisions"}],"predecessor-version":[{"id":342,"href":"https:\/\/www.fcpe4marcoussis.fr\/index.php\/wp-json\/wp\/v2\/pages\/13\/revisions\/342"}],"wp:attachment":[{"href":"https:\/\/www.fcpe4marcoussis.fr\/index.php\/wp-json\/wp\/v2\/media?parent=13"}],"curies":[{"name":"wp","href":"https:\/\/api.w.org\/{rel}","templated":true}]}}