{"id":17,"date":"2021-01-16T23:27:44","date_gmt":"2021-01-16T22:27:44","guid":{"rendered":"http:\/\/www.fcpe4marcoussis.fr\/?page_id=17"},"modified":"2023-09-08T17:55:37","modified_gmt":"2023-09-08T15:55:37","slug":"qui-sommes-nous","status":"publish","type":"page","link":"https:\/\/www.fcpe4marcoussis.fr\/index.php\/qui-sommes-nous\/","title":{"rendered":"Qui sommes-nous ?"},"content":{"rendered":"\n<p>Nous sommes une association de parents d\u2019\u00e9l\u00e8ves qui s\u2019attache au bien \u00eatre des enfants dans&nbsp;les diverses \u00e9coles de Marcoussis&nbsp;de la maternelle au coll\u00e8ge.<\/p>\n\n\n\n<p>Nous y d\u00e9fendons des valeurs d\u2019entraide, de partage et d\u2019\u00e9coute afin que le bien \u00eatre scolaire de nos enfants et de nos jeunes soit garanti. Comment \u00eatre bien dans sa scolarit\u00e9 si on n\u2019est pas bien dans son \u00e9cole ?<\/p>\n\n\n\n<p>Enfin, nous dialoguons avec tous les acteurs des temps scolaire et p\u00e9ri-scolaire \u00e0 Marcoussis sur tout ce qui concerne l\u2019organisation du quotidien des familles.\u00a0<\/p>\n\n\n\n<div class=\"wp-block-image is-style-default\"><figure class=\"aligncenter size-large\"><img loading=\"lazy\" width=\"410\" height=\"1024\" src=\"http:\/\/www.fcpe4marcoussis.fr\/wp-content\/uploads\/2023\/09\/OK-fond-fonce-majuscules-copie-410x1024.jpg\" alt=\"\" class=\"wp-image-339\" srcset=\"https:\/\/www.fcpe4marcoussis.fr\/wp-content\/uploads\/2023\/09\/OK-fond-fonce-majuscules-copie-410x1024.jpg 410w, https:\/\/www.fcpe4marcoussis.fr\/wp-content\/uploads\/2023\/09\/OK-fond-fonce-majuscules-copie-120x300.jpg 120w, https:\/\/www.fcpe4marcoussis.fr\/wp-content\/uploads\/2023\/09\/OK-fond-fonce-majuscules-copie-768x1920.jpg 768w, https:\/\/www.fcpe4marcoussis.fr\/wp-content\/uploads\/2023\/09\/OK-fond-fonce-majuscules-copie-615x1536.jpg 615w, https:\/\/www.fcpe4marcoussis.fr\/wp-content\/uploads\/2023\/09\/OK-fond-fonce-majuscules-copie-819x2048.jpg 819w, https:\/\/www.fcpe4marcoussis.fr\/wp-content\/uploads\/2023\/09\/OK-fond-fonce-majuscules-copie-scaled.jpg 1024w\" sizes=\"(max-width: 410px) 100vw, 410px\" \/><\/figure><\/div>\n","protected":false},"excerpt":{"rendered":"<p>Nous sommes une association de parents d\u2019\u00e9l\u00e8ves qui s\u2019attache au bien \u00eatre des enfants dans&nbsp;les diverses \u00e9coles de Marcoussis&nbsp;de la maternelle au coll\u00e8ge. Nous y&#8230;<\/p>\n<div class=\"more-link-wrapper\"><a class=\"more-link\" href=\"https:\/\/www.fcpe4marcoussis.fr\/index.php\/qui-sommes-nous\/\">Lire la suite<span class=\"screen-reader-text\">Qui sommes-nous ?<\/span><\/a><\/div>\n","protected":false},"author":1,"featured_media":0,"parent":0,"menu_order":0,"comment_status":"closed","ping_status":"closed","template":"","meta":[],"_links":{"self":[{"href":"https:\/\/www.fcpe4marcoussis.fr\/index.php\/wp-json\/wp\/v2\/pages\/17"}],"collection":[{"href":"https:\/\/www.fcpe4marcoussis.fr\/index.php\/wp-json\/wp\/v2\/pages"}],"about":[{"href":"https:\/\/www.fcpe4marcoussis.fr\/index.php\/wp-json\/wp\/v2\/types\/page"}],"author":[{"embeddable":true,"href":"https:\/\/www.fcpe4marcoussis.fr\/index.php\/wp-json\/wp\/v2\/users\/1"}],"replies":[{"embeddable":true,"href":"https:\/\/www.fcpe4marcoussis.fr\/index.php\/wp-json\/wp\/v2\/comments?post=17"}],"version-history":[{"count":2,"href":"https:\/\/www.fcpe4marcoussis.fr\/index.php\/wp-json\/wp\/v2\/pages\/17\/revisions"}],"predecessor-version":[{"id":343,"href":"https:\/\/www.fcpe4marcoussis.fr\/index.php\/wp-json\/wp\/v2\/pages\/17\/revisions\/343"}],"wp:attachment":[{"href":"https:\/\/www.fcpe4marcoussis.fr\/index.php\/wp-json\/wp\/v2\/media?parent=17"}],"curies":[{"name":"wp","href":"https:\/\/api.w.org\/{rel}","templated":true}]}}