{"id":345,"date":"2023-09-11T22:54:25","date_gmt":"2023-09-11T20:54:25","guid":{"rendered":"https:\/\/www.fcpe4marcoussis.fr\/?page_id=345"},"modified":"2025-11-17T09:24:56","modified_gmt":"2025-11-17T08:24:56","slug":"fcpe-marcoussis","status":"publish","type":"page","link":"https:\/\/www.fcpe4marcoussis.fr\/","title":{"rendered":"FCPE Marcoussis"},"content":{"rendered":"\n<div class=\"wp-block-columns\">\n<div class=\"wp-block-column is-vertically-aligned-center\">\n<div class=\"wp-block-image\"><figure class=\"aligncenter size-full is-resized\"><img loading=\"lazy\" src=\"http:\/\/www.fcpe4marcoussis.fr\/wp-content\/uploads\/2023\/09\/representer.png\" alt=\"\" class=\"wp-image-346\" width=\"270\" height=\"148\" srcset=\"https:\/\/www.fcpe4marcoussis.fr\/wp-content\/uploads\/2023\/09\/representer.png 662w, https:\/\/www.fcpe4marcoussis.fr\/wp-content\/uploads\/2023\/09\/representer-300x165.png 300w\" sizes=\"(max-width: 270px) 100vw, 270px\" \/><\/figure><\/div>\n<\/div>\n\n\n\n<div class=\"wp-block-column\">\n<div class=\"wp-block-image\"><figure class=\"aligncenter size-full is-resized\"><img loading=\"lazy\" src=\"https:\/\/www.fcpe4marcoussis.fr\/wp-content\/uploads\/2023\/09\/accompagner-edited.png\" alt=\"\" class=\"wp-image-378\" width=\"272\" height=\"128\"\/><\/figure><\/div>\n<\/div>\n<\/div>\n\n\n\n<p class=\"has-background\" style=\"background-color:#c9ebfa\">Nous sommes une <strong>association de parents d\u2019\u00e9l\u00e8ves<\/strong> qui s\u2019attache au bien \u00eatre des enfants dans&nbsp;les diverses \u00e9coles de Marcoussis&nbsp;de la maternelle au coll\u00e8ge.<br><br>Nous y d\u00e9fendons des <strong>valeurs d\u2019entraide, de partage et d\u2019\u00e9coute <\/strong>afin que le bien \u00eatre scolaire de nos enfants et de nos jeunes soit garanti. Comment \u00eatre bien dans sa scolarit\u00e9 si on n\u2019est pas bien dans son \u00e9cole ?<br><br><strong>Nous dialoguons avec tous les acteurs des temps scolaire et p\u00e9ri-scolaire \u00e0 Marcoussis <\/strong>sur tout ce qui concerne l\u2019organisation du quotidien des familles.&nbsp;<\/p>\n\n\n\n<p class=\"has-background\" style=\"background-color:#fde193\">Nous organisons r\u00e9guli\u00e8rement des <strong>rencontres entre les parents<\/strong> adh\u00e9rents ou des <strong>caf\u00e9s des parents<\/strong> dans les \u00e9coles qui permettent aux familles de <strong>s&#8217;informer et d&#8217;\u00e9changer<\/strong><\/p>\n\n\n\n<p class=\"has-text-align-left has-light-green-cyan-background-color has-background\">Tout au long de l&#8217;ann\u00e9e, nous proposons un grand nombre d&#8217;activit\u00e9s ouvertes \u00e0 tous les enfants et les familles de Marcoussis : des conf\u00e9rences, des ateliers, la journ\u00e9e de la diff\u00e9rence, des caf\u00e9s des parents, un <strong><em><a href=\"http:\/\/www.fcpe4marcoussis.fr\/index.php\/concours-de-billes-de-letang-neuf\/\">grand concours de billes<\/a><\/em><\/strong> !<br>Et <strong>pour les adh\u00e9rents, la subvention des stages de piscine. <\/strong><\/p>\n\n\n\n<p class=\"has-text-align-center has-large-font-size\"><\/p>\n\n\n\n<p class=\"has-text-align-center\" style=\"font-size:20px\"><\/p>\n\n\n\n<div class=\"wp-block-columns alignfull are-vertically-aligned-center\">\n<div class=\"wp-block-column\">\n<figure class=\"wp-block-gallery columns-1 is-cropped\"><ul class=\"blocks-gallery-grid\"><li class=\"blocks-gallery-item\"><figure><img loading=\"lazy\" width=\"724\" height=\"1024\" src=\"https:\/\/www.fcpe4marcoussis.fr\/wp-content\/uploads\/2025\/11\/billes-2-724x1024.png\" alt=\"\" data-id=\"515\" data-full-url=\"https:\/\/www.fcpe4marcoussis.fr\/wp-content\/uploads\/2025\/11\/billes-2.png\" data-link=\"https:\/\/www.fcpe4marcoussis.fr\/index.php\/fcpe-marcoussis\/billes-2\/\" class=\"wp-image-515\" srcset=\"https:\/\/www.fcpe4marcoussis.fr\/wp-content\/uploads\/2025\/11\/billes-2-724x1024.png 724w, https:\/\/www.fcpe4marcoussis.fr\/wp-content\/uploads\/2025\/11\/billes-2-212x300.png 212w, https:\/\/www.fcpe4marcoussis.fr\/wp-content\/uploads\/2025\/11\/billes-2-768x1086.png 768w, https:\/\/www.fcpe4marcoussis.fr\/wp-content\/uploads\/2025\/11\/billes-2-1086x1536.png 1086w, https:\/\/www.fcpe4marcoussis.fr\/wp-content\/uploads\/2025\/11\/billes-2.png 1414w\" sizes=\"(max-width: 724px) 100vw, 724px\" \/><\/figure><\/li><\/ul><\/figure>\n<\/div>\n\n\n\n<div class=\"wp-block-column\">\n<figure class=\"wp-block-image size-large\"><img loading=\"lazy\" width=\"1024\" height=\"1024\" src=\"http:\/\/www.fcpe4marcoussis.fr\/wp-content\/uploads\/2023\/09\/piscine-1024x1024.png\" alt=\"\" class=\"wp-image-325\" srcset=\"https:\/\/www.fcpe4marcoussis.fr\/wp-content\/uploads\/2023\/09\/piscine-1024x1024.png 1024w, https:\/\/www.fcpe4marcoussis.fr\/wp-content\/uploads\/2023\/09\/piscine-300x300.png 300w, https:\/\/www.fcpe4marcoussis.fr\/wp-content\/uploads\/2023\/09\/piscine-150x150.png 150w, https:\/\/www.fcpe4marcoussis.fr\/wp-content\/uploads\/2023\/09\/piscine-768x768.png 768w, https:\/\/www.fcpe4marcoussis.fr\/wp-content\/uploads\/2023\/09\/piscine.png 1080w\" sizes=\"(max-width: 1024px) 100vw, 1024px\" \/><\/figure>\n<\/div>\n\n\n\n<div class=\"wp-block-column\">\n<figure class=\"wp-block-image size-large\"><img loading=\"lazy\" width=\"1024\" height=\"1024\" src=\"http:\/\/www.fcpe4marcoussis.fr\/wp-content\/uploads\/2023\/09\/chaussettes-1024x1024.png\" alt=\"\" class=\"wp-image-331\" srcset=\"https:\/\/www.fcpe4marcoussis.fr\/wp-content\/uploads\/2023\/09\/chaussettes-1024x1024.png 1024w, https:\/\/www.fcpe4marcoussis.fr\/wp-content\/uploads\/2023\/09\/chaussettes-300x300.png 300w, https:\/\/www.fcpe4marcoussis.fr\/wp-content\/uploads\/2023\/09\/chaussettes-150x150.png 150w, https:\/\/www.fcpe4marcoussis.fr\/wp-content\/uploads\/2023\/09\/chaussettes-768x768.png 768w, https:\/\/www.fcpe4marcoussis.fr\/wp-content\/uploads\/2023\/09\/chaussettes.png 1080w\" sizes=\"(max-width: 1024px) 100vw, 1024px\" \/><\/figure>\n<\/div>\n<\/div>\n\n\n\n<div class=\"wp-block-group alignwide\"><div class=\"wp-block-group__inner-container\"><\/div><\/div>\n","protected":false},"excerpt":{"rendered":"<p>Nous sommes une association de parents d\u2019\u00e9l\u00e8ves qui s\u2019attache au bien \u00eatre des enfants dans&nbsp;les diverses \u00e9coles de Marcoussis&nbsp;de la maternelle au coll\u00e8ge. Nous y&#8230;<\/p>\n<div class=\"more-link-wrapper\"><a class=\"more-link\" href=\"https:\/\/www.fcpe4marcoussis.fr\/\">Lire la suite<span class=\"screen-reader-text\">FCPE Marcoussis<\/span><\/a><\/div>\n","protected":false},"author":4,"featured_media":0,"parent":0,"menu_order":0,"comment_status":"closed","ping_status":"closed","template":"","meta":[],"_links":{"self":[{"href":"https:\/\/www.fcpe4marcoussis.fr\/index.php\/wp-json\/wp\/v2\/pages\/345"}],"collection":[{"href":"https:\/\/www.fcpe4marcoussis.fr\/index.php\/wp-json\/wp\/v2\/pages"}],"about":[{"href":"https:\/\/www.fcpe4marcoussis.fr\/index.php\/wp-json\/wp\/v2\/types\/page"}],"author":[{"embeddable":true,"href":"https:\/\/www.fcpe4marcoussis.fr\/index.php\/wp-json\/wp\/v2\/users\/4"}],"replies":[{"embeddable":true,"href":"https:\/\/www.fcpe4marcoussis.fr\/index.php\/wp-json\/wp\/v2\/comments?post=345"}],"version-history":[{"count":42,"href":"https:\/\/www.fcpe4marcoussis.fr\/index.php\/wp-json\/wp\/v2\/pages\/345\/revisions"}],"predecessor-version":[{"id":517,"href":"https:\/\/www.fcpe4marcoussis.fr\/index.php\/wp-json\/wp\/v2\/pages\/345\/revisions\/517"}],"wp:attachment":[{"href":"https:\/\/www.fcpe4marcoussis.fr\/index.php\/wp-json\/wp\/v2\/media?parent=345"}],"curies":[{"name":"wp","href":"https:\/\/api.w.org\/{rel}","templated":true}]}}